{"id":73,"date":"2017-10-17T08:23:23","date_gmt":"2017-10-17T06:23:23","guid":{"rendered":"https:\/\/www.pictomind.com\/?page_id=73"},"modified":"2019-06-24T11:52:42","modified_gmt":"2019-06-24T09:52:42","slug":"legalnotice","status":"publish","type":"page","link":"https:\/\/www.pictomind.com\/de\/legalnotice\/","title":{"rendered":"Impressum"},"content":{"rendered":"<p>[et_pb_section bb_built=\"1\u2033 admin_label=\"section\" _builder_version=\"3.22.3\u2033][et_pb_row admin_label=\"row\" _builder_version=\"3.25.2\u2033 background_size=\"initial\" background_position=\"top_left\" background_repeat=\"repeat\" width=\"79.9%\" box_shadow_horizontal_tablet=\"0px\" box_shadow_vertical_tablet=\"0px\" box_shadow_blur_tablet=\"40px\" box_shadow_spread_tablet=\"0px\" z_index_tablet=\"500\u2033][et_pb_column type=\"4_4\u2033 _builder_version=\"3.25\u2033 custom_padding=\"|||\" custom_padding__hover=\"|||\"][et_pb_text _builder_version=\"3.17.6\u2033]<\/p>\n<h2>Impressum<\/h2>\n<p>&nbsp;<\/p>\n<h2>Adresse <span style=\"font-size: medium;\">(vgl. \u00a7 3 Abs. 1 lit. s UWG bzw. \u00a7 5 TMG)<\/span><\/h2>\n<p><strong>pictomind GmbH (Schweiz)<\/strong><br \/>H\u00f6libachstra\u00dfe 14<br \/>CH-8912 Obfelden<span style=\"font-size: 20px;\">\u00a0<\/span><\/p>\n<p><strong>pictomind GmbH (Deutschland)<br \/><\/strong><span>Grillparzerstra\u00dfe 40<br \/><\/span><span>D-81675 M\u00fcnchen<\/span><\/p>\n<p><strong>Vertreten durch die Gesch\u00e4ftsf\u00fchrer:<\/strong><br \/>Reto Aschwanden (Schweiz)<span><br \/><\/span><span>Dr. Markus Armbruster (Deutschland)<\/span><span style=\"font-size: 20px;\">\u00a0<\/span><\/p>\n<p><span><\/span><\/p>\n<h2>Kontakt<\/h2>\n<p>Telefon: +41 79 901 99 12; +49 176 824 888 52<br \/>E-Mail: <a href=\"mailto:info@pictomind.com\">info@pictomind.com<\/a>\u00a0<span style=\"font-size: 20px;\">\u00a0<\/span><\/p>\n<p>&nbsp;<\/p>\n<h2>Handelsregister<\/h2>\n<p><strong>Schweiz:<\/strong><\/p>\n<p><span>Eingetragener Firmenname: pictomind GmbH<\/span><\/p>\n<p><span>Comany-Identifikationsnummer: CHE-248.277.529<br \/>Handelsregisteramt: Handelsregister des Kantons Z\u00fcrich, Schweiz<br \/>Umsatzsteuer-Identifikationsnummer (\u00a7 27a UStG): CHE-248.277.529 MWST.<\/span><\/p>\n<p>&nbsp;<\/p>\n<p><strong>Deutschland:<\/strong><strong><br \/><\/strong><span>Eingetragener Firmenname: pictomind GmbH<\/span><\/p>\n<p><span>Handelsregister M\u00fcnchen: HRB 248082<strong><br \/><\/strong><\/span><span>Landgericht: M\u00fcnchen<strong><br \/><\/strong><\/span>Umsatzsteuer-Identifikationsnummer (\u00a7 27a UStG): DE323584593<\/p>\n<p>&nbsp;<\/p>\n<h2>Fotos und Webdesign<span>\u00a0<\/span><\/h2>\n<p>Website-Fotos von Philipp H\u00e4felfinger, Schlieren (Schweiz), www.haefelfinger.photo<\/p>\n<p>Webdesign von Pixeltypen, Viechtach (Deutschland), www.pixteltypen.de<span style=\"font-size: 20px;\">\u00a0<\/span><\/p>\n<p>&nbsp;<\/p>\n<h2>Streitbeilegung<\/h2>\n<p><span>Die Europ\u00e4ische Kommission stellt eine Plattform f\u00fcr die Online-Streitbeilegung (OS) zur Verf\u00fcgung. Die Plattform ist zu finden unter\u00a0<\/span>\u00a0https:\/\/ec.europa.eu\/consumers\/odr. \u00a0<span>Als Kunde haben Sie jederzeit die M\u00f6glichkeit, sich an die Schlichtungsstelle der Europ\u00e4ischen Kommission zu wenden. Wir sind nicht bereit und nicht verpflichtet, an einem Streitbeilegungsverfahren vor einer Verbraucherschlichtungsstelle teilzunehmen.<\/span><\/p>\n<p>&nbsp;<\/p>\n<h2>Haftung f\u00fcr Inhalte<\/h2>\n<p>Die Inhalte dieser Website werden mit gr\u00f6\u00dftm\u00f6glicher Sorgfalt erstellt. F\u00fcr die Richtigkeit, Vollst\u00e4ndigkeit, Zuverl\u00e4ssigkeit, Nutzbarkeit und Aktualit\u00e4t der Inhalte kann pictomind jedoch keine Gew\u00e4hr \u00fcbernehmen. Der jeweilige Nutzer ist daher grunds\u00e4tzlich verpflichtet, die Eignung aller Inhalte f\u00fcr den vorgesehenen Verwendungszweck selbst fachgerecht zu pr\u00fcfen oder pr\u00fcfen zu lassen.<\/p>\n<p>pictomind ist f\u00fcr eigene Inhalte auf diesen Seiten nach den allgemeinen Gesetzen verantwortlich (vgl. \u00a7 7 Abs. 1 TMG). Pictomind ist jedoch nicht verpflichtet, \u00fcbermittelte oder gespeicherte fremde Informationen zu \u00fcberwachen oder nach Umst\u00e4nden zu forschen, die auf eine rechtswidrige T\u00e4tigkeit hinweisen (vgl. \u00a7\u00a7 8 bis 10 TMG).<\/p>\n<p>Verpflichtungen zur Entfernung oder Sperrung der Nutzung von Informationen nach den allgemeinen Gesetzen bleiben hiervon unber\u00fchrt. Eine diesbez\u00fcgliche Haftung ist jedoch erst ab dem Zeitpunkt der Kenntnis einer konkreten Rechtsverletzung m\u00f6glich. Bei Bekanntwerden von entsprechenden Rechtsverletzungen wird pictomind diese Inhalte umgehend entfernen.<\/p>\n<p>&nbsp;<\/p>\n<h2>Haftung f\u00fcr Links<\/h2>\n<p><span>Die Inhalte auf dieser Website enthalten auch Links zu externen Websites, auf die pictomind keinen Einfluss hat. Deshalb kann pictomind f\u00fcr diese fremden Inhalte auch keine Gew\u00e4hr \u00fcbernehmen. F\u00fcr die Inhalte dieser externen Webseiten ist stets der jeweilige Anbieter oder Betreiber der Seiten verantwortlich. Die verlinkten Seiten wurden zum Zeitpunkt der Verlinkung auf m\u00f6gliche Rechtsverst\u00f6\u00dfe \u00fcberpr\u00fcft. Rechtswidrige Inhalte waren zum Zeitpunkt der Verlinkung nicht erkennbar.<\/span><\/p>\n<p><span>Eine permanente Kontrolle der verlinkten Seiten ist jedoch ohne konkrete Anhaltspunkte einer Rechtsverletzung nicht zumutbar. Bei Bekanntwerden von Rechtsverletzungen wird pictomind derartige Links umgehend entfernen. Weiterhin ist pictomind nicht verantwortlich f\u00fcr die Verf\u00fcgbarkeit dieser Seiten oder deren Inhalte.<\/span><\/p>\n<p>&nbsp;<\/p>\n<h2>Urheberrechtsgesetz<\/h2>\n<p><span><\/span><\/p>\n<p><span>Die durch pictomind erstellten Inhalte, Bilder und Werke auf diesen Seiten unterliegen dem Urheberrecht. Die Vervielf\u00e4ltigung, Bearbeitung, Verbreitung und jede Art der Verwertung au\u00dferhalb der Grenzen des Urheberrechtes bed\u00fcrfen der schriftlichen Zustimmung von pictomind. Downloads und Kopien der Inhalte sind nur f\u00fcr den privaten Gebrauch gestattet.<\/span><\/p>\n<p><span>Soweit die Inhalte nicht von pictomind erstellt wurden, werden die Urheberrechte Dritter beachtet. Insbesondere werden Inhalte Dritter als solche gekennzeichnet. Sollte ein Nutzer dennoch auf eine Urheberrechtsverletzung aufmerksam werden, bittet pictominds den Nutzer um einen entsprechenden Hinweis. Bei Bekanntwerden von Rechtsverletzungen wird pictominds die betreffenden Inhalte umgehend entfernen.<\/span><\/p>\n<p>&nbsp;<\/p>\n<p>[\/et_pb_text][\/et_pb_column][\/et_pb_row][\/et_pb_section]<\/p>","protected":false},"excerpt":{"rendered":"<p>Impressum Anschrift (siehe \u00a7 3 Abs. 1 lit. s UWG bzw. \u00a7 5 TMG) pictomind GmbH (Schweiz)H\u00f6libachstrasse 14CH-8912 Obfelden pictomind GmbH (Deutschland)Grillparzerstra\u00dfe 40D-81675 M\u00fcnchen Vertreten durch die Gesch\u00e4ftsf\u00fchrer:Reto Aschwanden (Schweiz)Dr. Markus Armbruster (Deutschland) Kontakt Telefon: +41 79 901 99 12; +49 176 824 888 52E-Mail: info@pictomind.com Handelsregister Schweiz: Eingetragene Firma [...]<\/p>","protected":false},"author":2,"featured_media":0,"parent":0,"menu_order":0,"comment_status":"closed","ping_status":"closed","template":"","meta":{"_acf_changed":false,"_et_pb_use_builder":"on","_et_pb_old_content":"","_et_gb_content_width":"","inline_featured_image":false,"footnotes":"","_links_to":"","_links_to_target":""},"class_list":["post-73","page","type-page","status-publish","hentry"],"acf":[],"_links":{"self":[{"href":"https:\/\/www.pictomind.com\/de\/wp-json\/wp\/v2\/pages\/73","targetHints":{"allow":["GET"]}}],"collection":[{"href":"https:\/\/www.pictomind.com\/de\/wp-json\/wp\/v2\/pages"}],"about":[{"href":"https:\/\/www.pictomind.com\/de\/wp-json\/wp\/v2\/types\/page"}],"author":[{"embeddable":true,"href":"https:\/\/www.pictomind.com\/de\/wp-json\/wp\/v2\/users\/2"}],"replies":[{"embeddable":true,"href":"https:\/\/www.pictomind.com\/de\/wp-json\/wp\/v2\/comments?post=73"}],"version-history":[{"count":19,"href":"https:\/\/www.pictomind.com\/de\/wp-json\/wp\/v2\/pages\/73\/revisions"}],"predecessor-version":[{"id":32733,"href":"https:\/\/www.pictomind.com\/de\/wp-json\/wp\/v2\/pages\/73\/revisions\/32733"}],"wp:attachment":[{"href":"https:\/\/www.pictomind.com\/de\/wp-json\/wp\/v2\/media?parent=73"}],"curies":[{"name":"wp","href":"https:\/\/api.w.org\/{rel}","templated":true}]}}