{"id":218,"date":"2019-03-13T17:01:16","date_gmt":"2019-03-13T15:01:16","guid":{"rendered":"https:\/\/www.pictomind.com\/?page_id=218"},"modified":"2022-04-02T10:15:30","modified_gmt":"2022-04-02T08:15:30","slug":"who-we-are","status":"publish","type":"page","link":"https:\/\/www.pictomind.com\/de\/who-we-are\/","title":{"rendered":"Wer wir sind"},"content":{"rendered":"<p>[et_pb_section fb_built=\"1\u2033 fullwidth=\"on\" module_class=\"section_slider_whoweare\" _builder_version=\"3.22.3\u2033][et_pb_fullwidth_slider _builder_version=\"3.17.6\u2033 text_orientation=\"left\"][et_pb_slide use_bg_overlay=\"off\" use_text_overlay=\"off\" _builder_version=\"3.17.6\u2033 background_color=\"#ffffff\" background_image=\"https:\/\/www.pictomind.com\/wp-content\/uploads\/2019\/03\/Marker.png\" background_size=\"contain\" background_position=\"center_right\" button_on_hover=\"on\" background_layout=\"light\"]<\/p>\n<h2><em>Wir setzen das gesamte Potenzial von Gruppen frei, um unseren Planeten zu verbessern.<\/em><\/h2>\n<p>[\/et_pb_slide][\/et_pb_fullwidth_slider][\/et_pb_section][et_pb_section fb_built=\"1\u2033 module_class=\"section_description_text\" _builder_version=\"3.22.3\u2033][et_pb_row _builder_version=\"3.25\u2033 background_size=\"initial\" background_position=\"top_left\" background_repeat=\"repeat\"][et_pb_column type=\"4_4\u2033 _builder_version=\"3.25\u2033 custom_padding=\"|||\" custom_padding__hover=\"|||\"][et_pb_text _builder_version=\"3.17.6\u2033]<\/p>\n<p>Wir sind seit zehn Jahren weltweit in der Branche t\u00e4tig. Und fast jeden Tag waren wir begeistert von dem Potential, das Gruppen entwickeln k\u00f6nnen. Deshalb haben wir unsere Ressourcen geb\u00fcndelt und die pictomind GmbH mit einem klaren Ziel gegr\u00fcndet: \"Wir entfesseln das volle Potenzial von Gruppen, um unseren Planeten zu einem besseren Ort zu machen.\"<\/p>\n<p>[\/et_pb_text][\/et_pb_column][\/et_pb_row][\/et_pb_section][et_pb_section fb_built=\"1\u2033 module_class=\"section_whoweare_person\" _builder_version=\"3.22.3\u2033][et_pb_row column_structure=\"1_2,1_2\u2033 make_equal=\"on\" module_class=\"row_whoweare_name\" _builder_version=\"3.25\u2033][et_pb_column type=\"1_2\u2033 _builder_version=\"3.25\u2033 custom_padding=\"|||\" custom_padding__hover=\"|||\"][et_pb_image src=\"https:\/\/www.pictomind.com\/wp-content\/uploads\/2019\/03\/lachen_loop.gif\" align_tablet=\"center\" align_last_edited=\"on|desktop\" _builder_version=\"3.23\u2033][\/et_pb_image][et_pb_text admin_label=\"Markus Armbruster\" _builder_version=\"3.17.6\u2033]<\/p>\n<p><em><span class=\"position\">Mitbegr\u00fcnder, Moderator, Experte f\u00fcr Innovationsdesign<\/span><\/em><\/p>\n<h3>Dr. sc. ETH Z\u00fcrich Markus Armbruster<\/h3>\n<p><span class=\"qualtification\">Dipl.-Chem. \/ Dipl.-Wirtschaftschemiker \/ Visual Facilitator \/ Certified professional facilitator \/ Coach<br \/><\/span><\/p>\n<p>[\/et_pb_text][et_pb_text module_class=\"bullet-points\" _builder_version=\"3.17.6\u2033]<\/p>\n<ul>\n<li>Mehr als zehn Jahre Experte f\u00fcr Unternehmens-, Gesch\u00e4fts- und Innovationsstrategien in der chemischen Industrie f\u00fcr BASF, S\u00fcd-Chemie\/Clariant und Dottikon Exclusive Synthesis<\/li>\n<li>Ausbau der Innovation Academy der BASF von einer Handvoll j\u00e4hrlicher Teilnehmer auf tausende von Teilnehmern weltweit<\/li>\n<li>Gestaltung und Moderation von Programmen und Veranstaltungen f\u00fcr den Vorstand und die oberste F\u00fchrungsebene<\/li>\n<li>Arbeitete drei Jahre lang in New York City und beriet Teams auf allen Kontinenten<\/li>\n<li>Beraten als Strategieexperte und Mitglied des Kernteams bei der Fusion S\u00fcd-Chemie\/Clariant, einem Multimilliarden Euro Deal<\/li>\n<li><span>Ausbildung: Technische Universit\u00e4t M\u00fcnchen, Eidgen\u00f6ssische Technische Hochschule Z\u00fcrich, FernUniversit\u00e4t Hagen, Bayerische EliteAkademie, NYU Stern School of Business, duarte, bikablo Akademie, Kommunikationslotsen, Massachusetts Institute of Technology MITx edX\/Otto Scharmer<br \/><\/span><\/li>\n<\/ul>\n<p>[\/et_pb_text][et_pb_image src=\"https:\/\/www.pictomind.com\/wp-content\/uploads\/2020\/01\/pictomind-linkedin.png\" url=\"https:\/\/www.linkedin.com\/in\/dr-markus-armbruster-0393a8b\/\" admin_label=\"LinkedIn\" _builder_version=\"3.25.2\u2033 z_index_tablet=\"500\u2033 box_shadow_horizontal_tablet=\"0px\" box_shadow_vertical_tablet=\"0px\" box_shadow_blur_tablet=\"40px\" box_shadow_spread_tablet=\"0px\" custom_css_main_element=\"max-width: 30px;||margin-left: 0 !important;\"][\/et_pb_image][\/et_pb_column][et_pb_column type=\"1_2\u2033 _builder_version=\"3.25\u2033 custom_padding=\"|||\" custom_padding__hover=\"|||\"][et_pb_image src=\"https:\/\/www.pictomind.com\/wp-content\/uploads\/2019\/04\/lachen_reto.gif\" align_tablet=\"center\" align_last_edited=\"on|desktop\" _builder_version=\"3.23\u2033][\/et_pb_image][et_pb_text admin_label=\"Reto Aschwanden\" _builder_version=\"3.17.6\u2033]<\/p>\n<p><em><span class=\"position\">Mitbegr\u00fcnder, Moderator, Experte f\u00fcr Innovationsdesign<\/span><\/em><\/p>\n<h3>Reto Aschwanden<\/h3>\n<p><span class=\"qualtification\">Rechtsanwalt (Schweiz \/ Deutschland) \/ lic. iur. \/ LL.M. \/ Master of Mediation (M.M.)<\/span><\/p>\n<p>[\/et_pb_text][et_pb_text module_class=\"bullet-points\" _builder_version=\"3.17.6\u2033]<\/p>\n<ul>\n<li>\n<p>Unternehmer mit \u00fcber zehn Jahren Erfahrung als Gr\u00fcnder und Inhaber von zwei Anwaltskanzleien (Schweiz, Deutschland)<\/p>\n<\/li>\n<li>\n<p>Gew\u00e4hlter Friedensrichter im Kanton Z\u00fcrich und Pr\u00e4sident von 130 Friedensrichtern im Kanton Z\u00fcrich<\/p>\n<\/li>\n<li>\n<p>Experte f\u00fcr Datenrecht<\/p>\n<\/li>\n<li>\n<p>Vermittelt kleine und gro\u00dfe Gruppen im industriellen, \u00f6ffentlichen und privaten Sektor<\/p>\n<\/li>\n<li>\n<p>Entwirft und moderiert visuelle Mediationen und Interventionen in gro\u00dfen Gruppen<\/p>\n<\/li>\n<li>\n<p>ber\u00e4t Gro\u00dfunternehmen in der Software-, Immobilien- und Personalvermittlungsbranche<\/p>\n<\/li>\n<li>Spricht sechs Sprachen und arbeitet mit internationalen Kunden<\/li>\n<li>Bildung:\u00a0<span> Universit\u00e4t Z\u00fcrich, Universit\u00e4t Augsburg, FernUniversit\u00e4t Hagen, bikablo Akademie<\/span><\/li>\n<\/ul>\n<p>[\/et_pb_text][et_pb_image src=\"https:\/\/www.pictomind.com\/wp-content\/uploads\/2020\/01\/pictomind-linkedin.png\" url=\"https:\/\/www.linkedin.com\/in\/reto-aschwanden-b7a123183\/\" admin_label=\"LinkedIn\" _builder_version=\"3.25.2\u2033 z_index_tablet=\"500\u2033 box_shadow_horizontal_tablet=\"0px\" box_shadow_vertical_tablet=\"0px\" box_shadow_blur_tablet=\"40px\" box_shadow_spread_tablet=\"0px\" custom_css_main_element=\"max-width: 30px;||margin-left: 0 !important;\"][\/et_pb_image][\/et_pb_column][\/et_pb_row][\/et_pb_section][et_pb_section fb_built=\"1\u2033 module_class=\"section_whoweare_person\" _builder_version=\"3.25.2\u2033 background_color=\"#efefef\" z_index_tablet=\"500\u2033 box_shadow_horizontal_tablet=\"0px\" box_shadow_vertical_tablet=\"0px\" box_shadow_blur_tablet=\"40px\" box_shadow_spread_tablet=\"0px\"][et_pb_row column_structure=\"1_2,1_2\u2033 make_equal=\"on\" module_class=\"row_whoweare_name\" _builder_version=\"3.25\u2033][et_pb_column type=\"1_2\u2033 _builder_version=\"3.25\u2033 custom_padding=\"|||\" custom_padding__hover=\"|||\"][et_pb_image src=\"https:\/\/www.pictomind.com\/wp-content\/uploads\/2019\/11\/JulianGeuder.jpg\" align_tablet=\"center\" align_last_edited=\"on|desktop\" _builder_version=\"3.25.2\u2033 z_index_tablet=\"500\u2033 box_shadow_horizontal_tablet=\"0px\" box_shadow_vertical_tablet=\"0px\" box_shadow_blur_tablet=\"40px\" box_shadow_spread_tablet=\"0px\"][\/et_pb_image][et_pb_text admin_label=\"Julian Geuder\" _builder_version=\"3.25.2\u2033 z_index_tablet=\"500\u2033 text_text_shadow_horizontal_length_tablet=\"0px\" text_text_shadow_vertical_length_tablet=\"0px\" text_text_shadow_blur_strength_tablet=\"1px\" link_text_shadow_horizontal_length_tablet=\"0px\" link_text_shadow_vertical_length_tablet=\"0px\" link_text_shadow_blur_strength_tablet=\"1px\" ul_text_shadow_horizontal_length_tablet=\"0px\" ul_text_shadow_vertical_length_tablet=\"0px\" ul_text_shadow_blur_strength_tablet=\"1px\" ol_text_shadow_horizontal_length_tablet=\"0px\" ol_text_shadow_vertical_length_tablet=\"0px\" ol_text_shadow_blur_strength_tablet=\"1px\" quote_text_shadow_horizontal_length_tablet=\"0px\" quote_text_shadow_vertical_length_tablet=\"0px\" quote_text_shadow_blur_strength_tablet=\"1px\" header_text_shadow_horizontal_length_tablet=\"0px\" header_text_shadow_vertical_length_tablet=\"0px\" header_text_shadow_blur_strength_tablet=\"1px\" header_2_text_shadow_horizontal_length_tablet=\"0px\" header_2_text_shadow_vertical_length_tablet=\"0px\" header_2_text_shadow_blur_strength_tablet=\"1px\" header_3_text_shadow_horizontal_length_tablet=\"0px\" header_3_text_shadow_vertical_length_tablet=\"0px\" header_3_text_shadow_blur_strength_tablet=\"1px\" header_4_text_shadow_horizontal_length_tablet=\"0px\" header_4_text_shadow_vertical_length_tablet=\"0px\" header_4_text_shadow_blur_strength_tablet=\"1px\" header_5_text_shadow_horizontal_length_tablet=\"0px\" header_5_text_shadow_vertical_length_tablet=\"0px\" header_5_text_shadow_blur_strength_tablet=\"1px\" header_6_text_shadow_horizontal_length_tablet=\"0px\" header_6_text_shadow_vertical_length_tablet=\"0px\" header_6_text_shadow_blur_strength_tablet=\"1px\" box_shadow_horizontal_tablet=\"0px\" box_shadow_vertical_tablet=\"0px\" box_shadow_blur_tablet=\"40px\" box_shadow_spread_tablet=\"0px\"]<\/p>\n<p><em><span class=\"position\">Assoziierter Partner, Vermittler<br \/><\/span><\/em><\/p>\n<h3>Julian Geuder<\/h3>\n<p>[\/et_pb_text][et_pb_text module_class=\"bullet-points\" _builder_version=\"3.25.2\u2033 z_index_tablet=\"500\u2033 text_text_shadow_horizontal_length_tablet=\"0px\" text_text_shadow_vertical_length_tablet=\"0px\" text_text_shadow_blur_strength_tablet=\"1px\" link_text_shadow_horizontal_length_tablet=\"0px\" link_text_shadow_vertical_length_tablet=\"0px\" link_text_shadow_blur_strength_tablet=\"1px\" ul_text_shadow_horizontal_length_tablet=\"0px\" ul_text_shadow_vertical_length_tablet=\"0px\" ul_text_shadow_blur_strength_tablet=\"1px\" ol_text_shadow_horizontal_length_tablet=\"0px\" ol_text_shadow_vertical_length_tablet=\"0px\" ol_text_shadow_blur_strength_tablet=\"1px\" quote_text_shadow_horizontal_length_tablet=\"0px\" quote_text_shadow_vertical_length_tablet=\"0px\" quote_text_shadow_blur_strength_tablet=\"1px\" header_text_shadow_horizontal_length_tablet=\"0px\" header_text_shadow_vertical_length_tablet=\"0px\" header_text_shadow_blur_strength_tablet=\"1px\" header_2_text_shadow_horizontal_length_tablet=\"0px\" header_2_text_shadow_vertical_length_tablet=\"0px\" header_2_text_shadow_blur_strength_tablet=\"1px\" header_3_text_shadow_horizontal_length_tablet=\"0px\" header_3_text_shadow_vertical_length_tablet=\"0px\" header_3_text_shadow_blur_strength_tablet=\"1px\" header_4_text_shadow_horizontal_length_tablet=\"0px\" header_4_text_shadow_vertical_length_tablet=\"0px\" header_4_text_shadow_blur_strength_tablet=\"1px\" header_5_text_shadow_horizontal_length_tablet=\"0px\" header_5_text_shadow_vertical_length_tablet=\"0px\" header_5_text_shadow_blur_strength_tablet=\"1px\" header_6_text_shadow_horizontal_length_tablet=\"0px\" header_6_text_shadow_vertical_length_tablet=\"0px\" header_6_text_shadow_blur_strength_tablet=\"1px\" box_shadow_horizontal_tablet=\"0px\" box_shadow_vertical_tablet=\"0px\" box_shadow_blur_tablet=\"40px\" box_shadow_spread_tablet=\"0px\"]<\/p>\n<ul>\n<li>Mehr als 20 Jahre Erfahrung als Beraterin, Coach und Moderatorin in den Bereichen Ver\u00e4nderungsmanagement, Organisations- und F\u00fchrungsentwicklung sowie Konflikt- und Friedenstransformation<\/li>\n<li>Sein gr\u00f6\u00dfter beruflicher Antrieb ist seine Arbeit als Transformationskatalysator, der Einzelpersonen, Gruppen, Teams und Organisationen dabei unterst\u00fctzt, sich selbst, ihre h\u00f6here Bestimmung, ihr volles Potenzial und ihre Berufung auf der tiefstm\u00f6glichen Ebene zu entdecken.<\/li>\n<li>Spezialist f\u00fcr die Gestaltung, Entwicklung und Moderation von Ver\u00e4nderungsprozessen<\/li>\n<li>Anwendung von Co-Creation auf Team-, Organisations-, interorganisatorischer, sektor\u00fcbergreifender und gesellschaftlicher Ebene, um komplexe Probleme gemeinsam zu bew\u00e4ltigen<\/li>\n<li>Glaubt daran, dass in jedem Menschen etwas Gutes steckt; sein Motto lautet: nie aufh\u00f6ren, Wellen f\u00fcr den Frieden zu schlagen<\/li>\n<\/ul>\n<p>[\/et_pb_text][\/et_pb_column][et_pb_column type=\"1_2\u2033 _builder_version=\"3.25\u2033 custom_padding=\"|||\" custom_padding__hover=\"|||\"][et_pb_image src=\"https:\/\/www.pictomind.com\/wp-content\/uploads\/2019\/11\/VittoriaPiatelli.jpg\" align_tablet=\"center\" align_last_edited=\"on|desktop\" _builder_version=\"3.25.2\u2033 z_index_tablet=\"500\u2033 box_shadow_horizontal_tablet=\"0px\" box_shadow_vertical_tablet=\"0px\" box_shadow_blur_tablet=\"40px\" box_shadow_spread_tablet=\"0px\"][\/et_pb_image][et_pb_text admin_label=\"Vittoria Piattelli\" _builder_version=\"3.25.2\u2033 z_index_tablet=\"500\u2033 text_text_shadow_horizontal_length_tablet=\"0px\" text_text_shadow_vertical_length_tablet=\"0px\" text_text_shadow_blur_strength_tablet=\"1px\" link_text_shadow_horizontal_length_tablet=\"0px\" link_text_shadow_vertical_length_tablet=\"0px\" link_text_shadow_blur_strength_tablet=\"1px\" ul_text_shadow_horizontal_length_tablet=\"0px\" ul_text_shadow_vertical_length_tablet=\"0px\" ul_text_shadow_blur_strength_tablet=\"1px\" ol_text_shadow_horizontal_length_tablet=\"0px\" ol_text_shadow_vertical_length_tablet=\"0px\" ol_text_shadow_blur_strength_tablet=\"1px\" quote_text_shadow_horizontal_length_tablet=\"0px\" quote_text_shadow_vertical_length_tablet=\"0px\" quote_text_shadow_blur_strength_tablet=\"1px\" header_text_shadow_horizontal_length_tablet=\"0px\" header_text_shadow_vertical_length_tablet=\"0px\" header_text_shadow_blur_strength_tablet=\"1px\" header_2_text_shadow_horizontal_length_tablet=\"0px\" header_2_text_shadow_vertical_length_tablet=\"0px\" header_2_text_shadow_blur_strength_tablet=\"1px\" header_3_text_shadow_horizontal_length_tablet=\"0px\" header_3_text_shadow_vertical_length_tablet=\"0px\" header_3_text_shadow_blur_strength_tablet=\"1px\" header_4_text_shadow_horizontal_length_tablet=\"0px\" header_4_text_shadow_vertical_length_tablet=\"0px\" header_4_text_shadow_blur_strength_tablet=\"1px\" header_5_text_shadow_horizontal_length_tablet=\"0px\" header_5_text_shadow_vertical_length_tablet=\"0px\" header_5_text_shadow_blur_strength_tablet=\"1px\" header_6_text_shadow_horizontal_length_tablet=\"0px\" header_6_text_shadow_vertical_length_tablet=\"0px\" header_6_text_shadow_blur_strength_tablet=\"1px\" box_shadow_horizontal_tablet=\"0px\" box_shadow_vertical_tablet=\"0px\" box_shadow_blur_tablet=\"40px\" box_shadow_spread_tablet=\"0px\"]<\/p>\n<p><em><span class=\"position\">Assoziierter Partner, Vermittler<br \/><\/span><\/em><\/p>\n<h3>Vittoria Piattelli<\/h3>\n<p>[\/et_pb_text][et_pb_text module_class=\"bullet-points\" _builder_version=\"3.25.2\u2033 z_index_tablet=\"500\u2033 text_text_shadow_horizontal_length_tablet=\"0px\" text_text_shadow_vertical_length_tablet=\"0px\" text_text_shadow_blur_strength_tablet=\"1px\" link_text_shadow_horizontal_length_tablet=\"0px\" link_text_shadow_vertical_length_tablet=\"0px\" link_text_shadow_blur_strength_tablet=\"1px\" ul_text_shadow_horizontal_length_tablet=\"0px\" ul_text_shadow_vertical_length_tablet=\"0px\" ul_text_shadow_blur_strength_tablet=\"1px\" ol_text_shadow_horizontal_length_tablet=\"0px\" ol_text_shadow_vertical_length_tablet=\"0px\" ol_text_shadow_blur_strength_tablet=\"1px\" quote_text_shadow_horizontal_length_tablet=\"0px\" quote_text_shadow_vertical_length_tablet=\"0px\" quote_text_shadow_blur_strength_tablet=\"1px\" header_text_shadow_horizontal_length_tablet=\"0px\" header_text_shadow_vertical_length_tablet=\"0px\" header_text_shadow_blur_strength_tablet=\"1px\" header_2_text_shadow_horizontal_length_tablet=\"0px\" header_2_text_shadow_vertical_length_tablet=\"0px\" header_2_text_shadow_blur_strength_tablet=\"1px\" header_3_text_shadow_horizontal_length_tablet=\"0px\" header_3_text_shadow_vertical_length_tablet=\"0px\" header_3_text_shadow_blur_strength_tablet=\"1px\" header_4_text_shadow_horizontal_length_tablet=\"0px\" header_4_text_shadow_vertical_length_tablet=\"0px\" header_4_text_shadow_blur_strength_tablet=\"1px\" header_5_text_shadow_horizontal_length_tablet=\"0px\" header_5_text_shadow_vertical_length_tablet=\"0px\" header_5_text_shadow_blur_strength_tablet=\"1px\" header_6_text_shadow_horizontal_length_tablet=\"0px\" header_6_text_shadow_vertical_length_tablet=\"0px\" header_6_text_shadow_blur_strength_tablet=\"1px\" box_shadow_horizontal_tablet=\"0px\" box_shadow_vertical_tablet=\"0px\" box_shadow_blur_tablet=\"40px\" box_shadow_spread_tablet=\"0px\"]<\/p>\n<ul>\n<li>Mehr als 25 Jahre Erfahrung auf dem Gebiet des Ver\u00e4nderungsmanagements<\/li>\n<li>Wirbelwind der Innovation; liebt es, kreative Werkzeuge einzusetzen, um eine Frage auf den Kopf zu stellen und neue Perspektiven und M\u00f6glichkeiten zu finden<\/li>\n<li>Experte f\u00fcr kreative F\u00fchrung und kulturelle Entwicklung<\/li>\n<li>Umfassende Erfahrung und warmherzige Pers\u00f6nlichkeit, die es ihr erm\u00f6glicht, sich mit Leichtigkeit in verschiedenen Branchen und Kulturen zu bewegen<\/li>\n<li>Im Mittelpunkt der Interessen, Leidenschaften und Kompetenzen steht der Aufbau gedeihlicher Gemeinschaften: Gemeinschaften, in denen jeder Einzelne seine Talente und Leidenschaften entwickeln kann. Diese k\u00f6nnen sich dann in eleganten Aktionen manifestieren, in Aktivit\u00e4ten, die \u00fcber das System hinweg koordiniert werden und darauf ausgerichtet sind, achtsame, sinnvolle und nachhaltige L\u00f6sungen voranzubringen<\/li>\n<li>Versteht Systeme, die sich im Wandel befinden, und wei\u00df, wie man mit ihnen arbeitet<\/li>\n<\/ul>\n<p>[\/et_pb_text][\/et_pb_column][\/et_pb_row][et_pb_row column_structure=\"1_2,1_2\u2033 make_equal=\"on\" module_class=\"row_whoweare_name\" _builder_version=\"3.25\u2033][et_pb_column type=\"1_2\u2033 _builder_version=\"3.25\u2033 custom_padding=\"|||\" custom_padding__hover=\"|||\"][et_pb_image src=\"https:\/\/www.pictomind.com\/wp-content\/uploads\/2020\/10\/Linda_Richter.jpg\" align_tablet=\"center\" align_last_edited=\"on|desktop\" _builder_version=\"3.25.2\u2033 z_index_tablet=\"500\u2033 box_shadow_horizontal_tablet=\"0px\" box_shadow_vertical_tablet=\"0px\" box_shadow_blur_tablet=\"40px\" box_shadow_spread_tablet=\"0px\"][\/et_pb_image][et_pb_text admin_label=\"Linda Richter\" _builder_version=\"3.25.2\u2033 z_index_tablet=\"500\u2033 text_text_shadow_horizontal_length_tablet=\"0px\" text_text_shadow_vertical_length_tablet=\"0px\" text_text_shadow_blur_strength_tablet=\"1px\" link_text_shadow_horizontal_length_tablet=\"0px\" link_text_shadow_vertical_length_tablet=\"0px\" link_text_shadow_blur_strength_tablet=\"1px\" ul_text_shadow_horizontal_length_tablet=\"0px\" ul_text_shadow_vertical_length_tablet=\"0px\" ul_text_shadow_blur_strength_tablet=\"1px\" ol_text_shadow_horizontal_length_tablet=\"0px\" ol_text_shadow_vertical_length_tablet=\"0px\" ol_text_shadow_blur_strength_tablet=\"1px\" quote_text_shadow_horizontal_length_tablet=\"0px\" quote_text_shadow_vertical_length_tablet=\"0px\" quote_text_shadow_blur_strength_tablet=\"1px\" header_text_shadow_horizontal_length_tablet=\"0px\" header_text_shadow_vertical_length_tablet=\"0px\" header_text_shadow_blur_strength_tablet=\"1px\" header_2_text_shadow_horizontal_length_tablet=\"0px\" header_2_text_shadow_vertical_length_tablet=\"0px\" header_2_text_shadow_blur_strength_tablet=\"1px\" header_3_text_shadow_horizontal_length_tablet=\"0px\" header_3_text_shadow_vertical_length_tablet=\"0px\" header_3_text_shadow_blur_strength_tablet=\"1px\" header_4_text_shadow_horizontal_length_tablet=\"0px\" header_4_text_shadow_vertical_length_tablet=\"0px\" header_4_text_shadow_blur_strength_tablet=\"1px\" header_5_text_shadow_horizontal_length_tablet=\"0px\" header_5_text_shadow_vertical_length_tablet=\"0px\" header_5_text_shadow_blur_strength_tablet=\"1px\" header_6_text_shadow_horizontal_length_tablet=\"0px\" header_6_text_shadow_vertical_length_tablet=\"0px\" header_6_text_shadow_blur_strength_tablet=\"1px\" box_shadow_horizontal_tablet=\"0px\" box_shadow_vertical_tablet=\"0px\" box_shadow_blur_tablet=\"40px\" box_shadow_spread_tablet=\"0px\"]<\/p>\n<p><em><span class=\"position\">Assoziierter Partner, Vermittler<br \/><\/span><\/em><\/p>\n<h3>Linda Richter<\/h3>\n<p>[\/et_pb_text][et_pb_text module_class=\"bullet-points\" _builder_version=\"3.25.2\u2033 z_index_tablet=\"500\u2033 text_text_shadow_horizontal_length_tablet=\"0px\" text_text_shadow_vertical_length_tablet=\"0px\" text_text_shadow_blur_strength_tablet=\"1px\" link_text_shadow_horizontal_length_tablet=\"0px\" link_text_shadow_vertical_length_tablet=\"0px\" link_text_shadow_blur_strength_tablet=\"1px\" ul_text_shadow_horizontal_length_tablet=\"0px\" ul_text_shadow_vertical_length_tablet=\"0px\" ul_text_shadow_blur_strength_tablet=\"1px\" ol_text_shadow_horizontal_length_tablet=\"0px\" ol_text_shadow_vertical_length_tablet=\"0px\" ol_text_shadow_blur_strength_tablet=\"1px\" quote_text_shadow_horizontal_length_tablet=\"0px\" quote_text_shadow_vertical_length_tablet=\"0px\" quote_text_shadow_blur_strength_tablet=\"1px\" header_text_shadow_horizontal_length_tablet=\"0px\" header_text_shadow_vertical_length_tablet=\"0px\" header_text_shadow_blur_strength_tablet=\"1px\" header_2_text_shadow_horizontal_length_tablet=\"0px\" header_2_text_shadow_vertical_length_tablet=\"0px\" header_2_text_shadow_blur_strength_tablet=\"1px\" header_3_text_shadow_horizontal_length_tablet=\"0px\" header_3_text_shadow_vertical_length_tablet=\"0px\" header_3_text_shadow_blur_strength_tablet=\"1px\" header_4_text_shadow_horizontal_length_tablet=\"0px\" header_4_text_shadow_vertical_length_tablet=\"0px\" header_4_text_shadow_blur_strength_tablet=\"1px\" header_5_text_shadow_horizontal_length_tablet=\"0px\" header_5_text_shadow_vertical_length_tablet=\"0px\" header_5_text_shadow_blur_strength_tablet=\"1px\" header_6_text_shadow_horizontal_length_tablet=\"0px\" header_6_text_shadow_vertical_length_tablet=\"0px\" header_6_text_shadow_blur_strength_tablet=\"1px\" box_shadow_horizontal_tablet=\"0px\" box_shadow_vertical_tablet=\"0px\" box_shadow_blur_tablet=\"40px\" box_shadow_spread_tablet=\"0px\"]<\/p>\n<ul>\n<li>M.Sc. TU M\u00fcnchen Life science Economics and Policy \/ B.A. Economics \/ Unternehmerin \/ Moderatorin \/ Meditationslehrerin<\/li>\n<li>Mehr als 10 Jahre Erfahrung im Bereich Nachhaltigkeit und nachhaltige Entwicklung (Beratung, Kohlenstoffberichterstattung, nachhaltige Finanzen, Wirkungsmessung und -management, nachhaltige Lieferketten, Innovation und Design Thinking, soziales Unternehmertum usw.)<\/li>\n<li>Ehemaliger CEO des Impact Hub M\u00fcnchen. Organisierte und leitete Impact Festivals, Innovationsworkshops und Start-up-Inkubationsprogramme. Aufbau der lokalen Community, Co-Hosting des physischen Raums und internationale Netzwerktreffen<\/li>\n<li>Lehrer f\u00fcr Meditation und Achtsamkeit<\/li>\n<li>\n<p style=\"font-weight: 400;\">Fachgebiete: Menschenzentrierte Innovation und Entwicklung<\/p>\n<\/li>\n<li>\n<p style=\"font-weight: 400;\">Linda ist davon \u00fcberzeugt, dass Innovations- und Ver\u00e4nderungsprozesse eng mit den Geschichten der Menschen verbunden sind, die an diesem Prozess beteiligt sind. Ihr Motto ist Weisheit in Aktion. Ihre Leidenschaft ist es, Menschen und Organisationen dabei zu helfen, sich wieder mit ihrer Herzenswahrheit zu verbinden und von dort aus neue Realit\u00e4ten zu schaffen.<\/p>\n<\/li>\n<\/ul>\n<p>[\/et_pb_text][\/et_pb_column][et_pb_column type=\"1_2\u2033 _builder_version=\"3.25\u2033 custom_padding=\"|||\" custom_padding__hover=\"|||\"][\/et_pb_column][\/et_pb_row][\/et_pb_section]<\/p>","protected":false},"excerpt":{"rendered":"<p>Wir setzen das gesamte Potenzial von Gruppen frei, um unseren Planeten zu einem besseren Ort zu machen. Wir sind seit zehn Jahren weltweit in der Branche t\u00e4tig. Und fast jeden Tag waren wir begeistert von dem Potential, das Gruppen entwickeln k\u00f6nnen. Deshalb haben wir unsere Ressourcen geb\u00fcndelt und die pictomind GmbH mit einem klaren Ziel gegr\u00fcndet: \"Wir [...]<\/p>","protected":false},"author":2,"featured_media":0,"parent":0,"menu_order":0,"comment_status":"closed","ping_status":"closed","template":"","meta":{"_acf_changed":false,"_et_pb_use_builder":"on","_et_pb_old_content":"","_et_gb_content_width":"","inline_featured_image":false,"footnotes":"","_links_to":"","_links_to_target":""},"class_list":["post-218","page","type-page","status-publish","hentry"],"acf":[],"_links":{"self":[{"href":"https:\/\/www.pictomind.com\/de\/wp-json\/wp\/v2\/pages\/218","targetHints":{"allow":["GET"]}}],"collection":[{"href":"https:\/\/www.pictomind.com\/de\/wp-json\/wp\/v2\/pages"}],"about":[{"href":"https:\/\/www.pictomind.com\/de\/wp-json\/wp\/v2\/types\/page"}],"author":[{"embeddable":true,"href":"https:\/\/www.pictomind.com\/de\/wp-json\/wp\/v2\/users\/2"}],"replies":[{"embeddable":true,"href":"https:\/\/www.pictomind.com\/de\/wp-json\/wp\/v2\/comments?post=218"}],"version-history":[{"count":51,"href":"https:\/\/www.pictomind.com\/de\/wp-json\/wp\/v2\/pages\/218\/revisions"}],"predecessor-version":[{"id":33143,"href":"https:\/\/www.pictomind.com\/de\/wp-json\/wp\/v2\/pages\/218\/revisions\/33143"}],"wp:attachment":[{"href":"https:\/\/www.pictomind.com\/de\/wp-json\/wp\/v2\/media?parent=218"}],"curies":[{"name":"wp","href":"https:\/\/api.w.org\/{rel}","templated":true}]}}